{"id":14004,"date":"2018-09-15T13:06:39","date_gmt":"2018-09-15T13:06:39","guid":{"rendered":"http:\/\/snoinnovation.com\/en\/?post_type=product&#038;p=14004"},"modified":"2019-05-13T21:02:06","modified_gmt":"2019-05-13T21:02:06","slug":"bison-x-2009","status":"publish","type":"product","link":"https:\/\/snoinnovation.com\/en\/product\/bison-x-2009\/","title":{"rendered":"BOMBARDIER BR-180"},"content":{"rendered":"","protected":false},"excerpt":{"rendered":"<p>Esth\u00e9tiquement et m\u00e9caniquement imp\u00e9ccable!<\/p>\n","protected":false},"featured_media":14660,"template":"","meta":[],"product_cat":[88],"product_tag":[],"_links":{"self":[{"href":"https:\/\/snoinnovation.com\/en\/wp-json\/wp\/v2\/product\/14004"}],"collection":[{"href":"https:\/\/snoinnovation.com\/en\/wp-json\/wp\/v2\/product"}],"about":[{"href":"https:\/\/snoinnovation.com\/en\/wp-json\/wp\/v2\/types\/product"}],"wp:featuredmedia":[{"embeddable":true,"href":"https:\/\/snoinnovation.com\/en\/wp-json\/wp\/v2\/media\/14660"}],"wp:attachment":[{"href":"https:\/\/snoinnovation.com\/en\/wp-json\/wp\/v2\/media?parent=14004"}],"wp:term":[{"taxonomy":"product_cat","embeddable":true,"href":"https:\/\/snoinnovation.com\/en\/wp-json\/wp\/v2\/product_cat?post=14004"},{"taxonomy":"product_tag","embeddable":true,"href":"https:\/\/snoinnovation.com\/en\/wp-json\/wp\/v2\/product_tag?post=14004"}],"curies":[{"name":"wp","href":"https:\/\/api.w.org\/{rel}","templated":true}]}}