{"id":14091,"date":"2018-09-16T00:38:53","date_gmt":"2018-09-16T00:38:53","guid":{"rendered":"http:\/\/snoinnovation.com\/en\/?page_id=14091"},"modified":"2019-05-08T21:03:56","modified_gmt":"2019-05-08T21:03:56","slug":"equipements-controle","status":"publish","type":"page","link":"https:\/\/snoinnovation.com\/en\/equipements-controle\/","title":{"rendered":"\u00c9QUIPEMENTS"},"content":{"rendered":"<p>[vc_section css=&#8221;.vc_custom_1532433159509{padding-top: 96px !important;}&#8221;][vc_row][vc_column width=&#8221;1\/4&#8243;][\/vc_column][vc_column animation_delay=&#8221;0&#8243; width=&#8221;1\/2&#8243; el_class=&#8221;text-align-center&#8221;]<h3 id=\"et-animated-title-1\" class=\"et-animated-title et-clearfix  words-direct\" data-mobile-font=\"24px\" data-tablet-font=\"32px\" data-delay=\"\" style=\"font-size:48px;font-weight:700;line-height:56px;color:#212121;\"><span class=\"text-wrapper\"><span class=\"text\">\u00c9QUIPEMENTS<\/span><\/span><\/h3>[\/vc_column][vc_column width=&#8221;1\/4&#8243;][\/vc_column][\/vc_row][\/vc_section][vc_row][vc_column][vc_column_text]<\/p>\n<div class=\"layout\">\n<p class=\"intro\" style=\"text-align: center;\"><strong>Nos unit\u00e9s de d\u00e9poussi\u00e9rage sont sp\u00e9cifiquement con\u00e7ues pour le contr\u00f4le efficace des particules et aident \u00e0 r\u00e9duire les risques pour la sant\u00e9 et les probl\u00e8mes de qualit\u00e9 d\u2019air. Nous cr\u00e9ons \u00e9galement des solutions personnalis\u00e9es pour des installations ayant des probl\u00e8mes de poussi\u00e8re complexes et qui n\u00e9cessitent un niveau \u00e9lev\u00e9 de contr\u00f4le et de surveillance.<\/strong><\/p>\n<\/div>\n<div class=\"texte\">\n<div class=\"listingProduits\">\n<div class=\"produit pair\">\n<div class=\"wrapImg\"><\/div>\n<\/div>\n<\/div>\n<\/div>\n<p>[\/vc_column_text][\/vc_column][\/vc_row][vc_row gap=&#8221;40&#8243; content_placement=&#8221;middle&#8221; css=&#8221;.vc_custom_1532435103071{padding-top: 72px !important;padding-bottom: 72px !important;}&#8221;][vc_column animation_delay=&#8221;0&#8243; offset=&#8221;vc_col-lg-6 vc_col-md-6 vc_col-xs-12&#8243;]<div class=\"gap et-clearfix hide1024\" style=\"height:56px\"><\/div><div data-curtain=\"false\" data-preloader=\"true\" data-decoration=\"true\" data-decoration-size=\"large\" data-animation-delay=\"0\" data-parallax=\"false\" data-coordinatex=\"0\" data-coordinatey=\"0\" data-speed=\"1\" class=\"et-custom-image  aligncenter overlay-none curtain-left\"><div class=\"overlay-hover\"><div class=\"image\"><div class=\"image-container\"><div class=\"image-loading\"><\/div><div class=\"image-preloader\"><\/div><img width=\"4160\" height=\"3120\" src=\"https:\/\/snoinnovation.com\/en\/wp-content\/uploads\/2019\/05\/20190508_154645.jpg\" alt=\"\"><\/div><\/div><\/div><\/div>[\/vc_column][vc_column animation_delay=&#8221;0&#8243; offset=&#8221;vc_col-lg-6 vc_col-md-6 vc_col-xs-12&#8243;]<div class=\"et-braket-block-wrapper\"><style>#et-braket-block-1 .braket-title {font-size:30px;font-weight:700;line-height:40px;color:#212121;}#et-braket-block-1 .braket-sub-title {color:#9a9a9a;}#et-braket-block-1 .braket-button {color:#212121 !important;}#et-braket-block-1 .braket-button:hover {color:#ffffff !important;}#et-braket-block-1 .braket-button:before {box-shadow:inset 0 0 0 1px #212121;}#et-braket-block-1 .braket-button:after {background-color:#fd8c40;}#et-braket-block-1 .braket > div:first-child,\r\n\t\t\t\t\t\t#et-braket-block-1 .braket > div:last-child,\r\n\t\t\t\t\t\t#et-braket-block-1 .braket > div:nth-child(2) > span  {background-color:#fd8c40;}<\/style><div id=\"et-braket-block-1\" data-delay=\"0\" class=\"et-braket-block left \"><div class=\"braket-block-inner et-clearfix\"><div class=\"braket\"><div><\/div><div><span><\/span><\/div><div><\/div><\/div><div class=\"braket-block-content\"><p class=\"braket-sub-title\">CONTR\u00d4LE DE POUSSI\u00c8RES ET D&#039;ODEURS<\/p><h2 class=\"braket-title\" data-mobile-font=\"24px\" data-tablet-font=\"inherit\">SN\u00d6-R-60<\/h2><\/div><\/div><div class=\"braket-block-content text et-clearfix\"><\/div><\/div><\/div><div class=\"gap et-clearfix \" style=\"height:32px\"><\/div>[vc_column_text css=&#8221;.vc_custom_1557348987141{margin-bottom: 0px !important;}&#8221;]<\/p>\n<p style=\"font-size: 18px; line-height: 32px;\"><strong>Le SN\u00d6-R-60 est l\u2019\u00e9quipement le plus utilis\u00e9 pour le contr\u00f4le des poussi\u00e8res en suspension sur la grande majorit\u00e9 des sites.<\/strong><\/p>\n<p>La fine brume cr\u00e9\u00e9e par nos unit\u00e9s capture les particules en suspension dans le but de respecter les normes de qualit\u00e9 de l\u2019air. Il peut \u00eatre \u00e9quip\u00e9 d\u2019un syst\u00e8me d\u2019oscillation de 40\u00b0, vous donnant ainsi une suppression de la poussi\u00e8re \u00e0 long terme. Le SN\u00d6-R-60 peut couvrir 21 000 pieds carr\u00e9s (1 950 m\u00e8tres carr\u00e9s).<\/p>\n<p>Pour augmenter la zone de couverture, en option, il est possible de l\u2019\u00e9quiper d\u2019un oscillateur allant jusqu\u2019\u00e0 359\u00b0, soit 125 000 pieds carr\u00e9s (11 813 m\u00e8tres carr\u00e9s).[\/vc_column_text][\/vc_column][\/vc_row][vc_row gap=&#8221;40&#8243; content_placement=&#8221;middle&#8221; css=&#8221;.vc_custom_1532435103071{padding-top: 72px !important;padding-bottom: 72px !important;}&#8221;][vc_column animation_delay=&#8221;0&#8243; offset=&#8221;vc_col-lg-6 vc_col-md-6 vc_col-xs-12&#8243;]<div class=\"et-braket-block-wrapper\"><style>#et-braket-block-2 .braket-title {font-size:30px;font-weight:700;line-height:40px;color:#212121;}#et-braket-block-2 .braket-sub-title {color:#9a9a9a;}#et-braket-block-2 .braket-button {color:#212121 !important;}#et-braket-block-2 .braket-button:hover {color:#ffffff !important;}#et-braket-block-2 .braket-button:before {box-shadow:inset 0 0 0 1px #212121;}#et-braket-block-2 .braket-button:after {background-color:#fd8c40;}#et-braket-block-2 .braket > div:first-child,\r\n\t\t\t\t\t\t#et-braket-block-2 .braket > div:last-child,\r\n\t\t\t\t\t\t#et-braket-block-2 .braket > div:nth-child(2) > span  {background-color:#fd8c40;}<\/style><div id=\"et-braket-block-2\" data-delay=\"0\" class=\"et-braket-block left \"><div class=\"braket-block-inner et-clearfix\"><div class=\"braket\"><div><\/div><div><span><\/span><\/div><div><\/div><\/div><div class=\"braket-block-content\"><p class=\"braket-sub-title\">CONTR\u00d4LE DE POUSSI\u00c8RES ET D&#039;ODEURS<\/p><h2 class=\"braket-title\" data-mobile-font=\"24px\" data-tablet-font=\"inherit\">SN\u00d6-R-45<\/h2><\/div><\/div><div class=\"braket-block-content text et-clearfix\"><\/div><\/div><\/div><div class=\"gap et-clearfix \" style=\"height:32px\"><\/div>[vc_column_text css=&#8221;.vc_custom_1557349227444{margin-bottom: 0px !important;}&#8221;]<strong>Le SN\u00d6-R-45 est une unit\u00e9 de taille moyenne offrant un contr\u00f4le exceptionnel<\/strong><\/p>\n<p>Des particules en suspension et de la poussi\u00e8re de surface. D\u00e9velopp\u00e9 en r\u00e9ponse directe aux commentaires du march\u00e9, le SN\u00d6-R-45 est adapt\u00e9 aux diff\u00e9rents chantiers int\u00e9rieurs ou ext\u00e9rieurs. Il peut \u00eatre \u00e9quip\u00e9 d\u2019un oscillateur de 40\u00b0.<\/p>\n<p>Le SN\u00d6-R-45 peut couvrir 12 000 pieds carr\u00e9s (1 115 m\u00e8tres carr\u00e9s).<\/p>\n<p>Pour augmenter la zone de couverture, en option, il est possible de l\u2019\u00e9quiper d\u2019un oscillateur allant jusqu\u2019\u00e0 359\u00b0, soit 74 000 pieds carr\u00e9s (6 875 m\u00e8tres carr\u00e9s).[\/vc_column_text][\/vc_column][vc_column animation_delay=&#8221;0&#8243; offset=&#8221;vc_col-lg-6 vc_col-md-6 vc_col-xs-12&#8243;]<div class=\"gap et-clearfix hide1024\" style=\"height:56px\"><\/div><div data-curtain=\"false\" data-preloader=\"true\" data-decoration=\"true\" data-decoration-size=\"large\" data-animation-delay=\"0\" data-parallax=\"false\" data-coordinatex=\"0\" data-coordinatey=\"0\" data-speed=\"1\" class=\"et-custom-image  aligncenter overlay-none curtain-left\"><div class=\"overlay-hover\"><div class=\"image\"><div class=\"image-container\"><div class=\"image-loading\"><\/div><div class=\"image-preloader\"><\/div><img width=\"4160\" height=\"3120\" src=\"https:\/\/snoinnovation.com\/en\/wp-content\/uploads\/2019\/05\/20190508_154107.jpg\" alt=\"\"><\/div><\/div><\/div><\/div>[\/vc_column][\/vc_row][vc_row gap=&#8221;40&#8243; content_placement=&#8221;middle&#8221; css=&#8221;.vc_custom_1532435103071{padding-top: 72px !important;padding-bottom: 72px !important;}&#8221;][vc_column animation_delay=&#8221;0&#8243; offset=&#8221;vc_col-lg-6 vc_col-md-6 vc_col-xs-12&#8243;]<div class=\"gap et-clearfix hide1024\" style=\"height:56px\"><\/div><div data-curtain=\"false\" data-preloader=\"true\" data-decoration=\"true\" data-decoration-size=\"large\" data-animation-delay=\"0\" data-parallax=\"false\" data-coordinatex=\"0\" data-coordinatey=\"0\" data-speed=\"1\" class=\"et-custom-image  aligncenter overlay-none curtain-left\"><div class=\"overlay-hover\"><div class=\"image\"><div class=\"image-container\"><div class=\"image-loading\"><\/div><div class=\"image-preloader\"><\/div><img width=\"640\" height=\"491\" src=\"https:\/\/snoinnovation.com\/en\/wp-content\/uploads\/2019\/05\/DB_30_640x491.jpg\" alt=\"\"><\/div><\/div><\/div><\/div>[\/vc_column][vc_column animation_delay=&#8221;0&#8243; offset=&#8221;vc_col-lg-6 vc_col-md-6 vc_col-xs-12&#8243;]<div class=\"et-braket-block-wrapper\"><style>#et-braket-block-3 .braket-title {font-size:30px;font-weight:700;line-height:40px;color:#212121;}#et-braket-block-3 .braket-sub-title {color:#9a9a9a;}#et-braket-block-3 .braket-button {color:#212121 !important;}#et-braket-block-3 .braket-button:hover {color:#ffffff !important;}#et-braket-block-3 .braket-button:before {box-shadow:inset 0 0 0 1px #212121;}#et-braket-block-3 .braket-button:after {background-color:#fd8c40;}#et-braket-block-3 .braket > div:first-child,\r\n\t\t\t\t\t\t#et-braket-block-3 .braket > div:last-child,\r\n\t\t\t\t\t\t#et-braket-block-3 .braket > div:nth-child(2) > span  {background-color:#fd8c40;}<\/style><div id=\"et-braket-block-3\" data-delay=\"0\" class=\"et-braket-block left \"><div class=\"braket-block-inner et-clearfix\"><div class=\"braket\"><div><\/div><div><span><\/span><\/div><div><\/div><\/div><div class=\"braket-block-content\"><p class=\"braket-sub-title\">CONTR\u00d4LE DE POUSSI\u00c8RES ET D&#039;ODEURS<\/p><h2 class=\"braket-title\" data-mobile-font=\"24px\" data-tablet-font=\"inherit\">DB-30<\/h2><\/div><\/div><div class=\"braket-block-content text et-clearfix\"><\/div><\/div><\/div><div class=\"gap et-clearfix \" style=\"height:32px\"><\/div>[vc_column_text css=&#8221;.vc_custom_1537059110623{margin-bottom: 0px !important;}&#8221;]<\/p>\n<p style=\"font-size: 18px; line-height: 32px;\"><strong>Le DB-30 est l\u2019unit\u00e9 la plus compacte de la famille\u00a0<em>Dustboss<\/em>.\u00a0<\/strong><\/p>\n<p>C\u2019est un \u00e9quipement de contr\u00f4le tr\u00e8s performant, malgr\u00e9 sa petite taille.<\/p>\n<p>Avec sa fine bruine de pi\u00e9geage de particules, il peut couvrir une surface de 5 500 pieds carr\u00e9s (511 m\u00e8tres carr\u00e9s).<\/p>\n<p>Pour augmenter la zone de couverture, en option, il est possible de l\u2019\u00e9quiper d\u2019un oscillateur allant jusqu\u2019\u00e0 359\u00b0, soit 31 000 pieds carr\u00e9s (2 880 m\u00e8tres carr\u00e9s).[\/vc_column_text][\/vc_column][\/vc_row][vc_row gap=&#8221;40&#8243; content_placement=&#8221;middle&#8221; css=&#8221;.vc_custom_1532435103071{padding-top: 72px !important;padding-bottom: 72px !important;}&#8221;][vc_column animation_delay=&#8221;0&#8243; offset=&#8221;vc_col-lg-6 vc_col-md-6 vc_col-xs-12&#8243;]<div class=\"et-braket-block-wrapper\"><style>#et-braket-block-4 .braket-title {font-size:30px;font-weight:700;line-height:40px;color:#212121;}#et-braket-block-4 .braket-sub-title {color:#9a9a9a;}#et-braket-block-4 .braket-button {color:#212121 !important;}#et-braket-block-4 .braket-button:hover {color:#ffffff !important;}#et-braket-block-4 .braket-button:before {box-shadow:inset 0 0 0 1px #212121;}#et-braket-block-4 .braket-button:after {background-color:#fd8c40;}#et-braket-block-4 .braket > div:first-child,\r\n\t\t\t\t\t\t#et-braket-block-4 .braket > div:last-child,\r\n\t\t\t\t\t\t#et-braket-block-4 .braket > div:nth-child(2) > span  {background-color:#fd8c40;}<\/style><div id=\"et-braket-block-4\" data-delay=\"0\" class=\"et-braket-block left \"><div class=\"braket-block-inner et-clearfix\"><div class=\"braket\"><div><\/div><div><span><\/span><\/div><div><\/div><\/div><div class=\"braket-block-content\"><p class=\"braket-sub-title\">CONTR\u00d4LE DE POUSSI\u00c8RES ET D&#039;ODEURS<\/p><h2 class=\"braket-title\" data-mobile-font=\"24px\" data-tablet-font=\"inherit\">DB-R<\/h2><\/div><\/div><div class=\"braket-block-content text et-clearfix\"><\/div><\/div><\/div><div class=\"gap et-clearfix \" style=\"height:32px\"><\/div>[vc_column_text css=&#8221;.vc_custom_1537091594845{margin-bottom: 0px !important;}&#8221;]<\/p>\n<p style=\"font-size: 18px; line-height: 32px;\"><strong>Introduit pour traiter les probl\u00e8mes de poussi\u00e8re<\/strong><\/p>\n<p>Au point de d\u00e9chargement d\u2019un convoyeur, l\u2019anneau de d\u00e9poussi\u00e9rage cr\u00e9e un rideau de bruine autour du flux de mati\u00e8re pour un confinement exceptionnel des particules. Il est con\u00e7u pour \u00eatre tr\u00e8s r\u00e9sistant dans le temps. Le\u00a0<strong>DB-R<\/strong>\u00a0entoure le flux de d\u00e9charge, fournissant une gestion simple et cibl\u00e9e de la poussi\u00e8re.<\/p>\n<p>Neuf diam\u00e8tres diff\u00e9rents, de 17 \u00e0 100 pouces (.430 m \u00e0 2.500 m), sont disponibles pour vos diff\u00e9rents chantiers. Il peut \u00eatre muni d\u2019une pompe de surpression et de vannes de r\u00e9glage. Ce produit peut \u00eatre personnalis\u00e9 en fonction de vos besoins.[\/vc_column_text][\/vc_column][vc_column animation_delay=&#8221;0&#8243; offset=&#8221;vc_col-lg-6 vc_col-md-6 vc_col-xs-12&#8243;]<div class=\"gap et-clearfix hide1024\" style=\"height:56px\"><\/div><div data-curtain=\"false\" data-preloader=\"true\" data-decoration=\"true\" data-decoration-size=\"large\" data-animation-delay=\"0\" data-parallax=\"false\" data-coordinatex=\"0\" data-coordinatey=\"0\" data-speed=\"1\" class=\"et-custom-image  aligncenter overlay-none curtain-left\"><div class=\"overlay-hover\"><div class=\"image\"><div class=\"image-container\"><div class=\"image-loading\"><\/div><div class=\"image-preloader\"><\/div><img width=\"640\" height=\"491\" src=\"https:\/\/snoinnovation.com\/en\/wp-content\/uploads\/2018\/09\/9_principalProduit-1.jpg\" alt=\"\"><\/div><\/div><\/div><\/div>[\/vc_column][\/vc_row][vc_row gap=&#8221;40&#8243; content_placement=&#8221;middle&#8221; css=&#8221;.vc_custom_1532435103071{padding-top: 72px !important;padding-bottom: 72px !important;}&#8221;][vc_column animation_delay=&#8221;0&#8243; offset=&#8221;vc_col-lg-6 vc_col-md-6 vc_col-xs-12&#8243;]<div class=\"gap et-clearfix hide1024\" style=\"height:56px\"><\/div><div data-curtain=\"false\" data-preloader=\"true\" data-decoration=\"true\" data-decoration-size=\"large\" data-animation-delay=\"0\" data-parallax=\"false\" data-coordinatex=\"0\" data-coordinatey=\"0\" data-speed=\"1\" class=\"et-custom-image  aligncenter overlay-none curtain-left\"><div class=\"overlay-hover\"><div class=\"image\"><div class=\"image-container\"><div class=\"image-loading\"><\/div><div class=\"image-preloader\"><\/div><img width=\"640\" height=\"491\" src=\"https:\/\/snoinnovation.com\/en\/wp-content\/uploads\/2018\/09\/10_principalProduit.jpg\" alt=\"\"><\/div><\/div><\/div><\/div>[\/vc_column][vc_column animation_delay=&#8221;0&#8243; offset=&#8221;vc_col-lg-6 vc_col-md-6 vc_col-xs-12&#8243;]<div class=\"et-braket-block-wrapper\"><style>#et-braket-block-5 .braket-title {font-size:30px;font-weight:700;line-height:40px;color:#212121;}#et-braket-block-5 .braket-sub-title {color:#9a9a9a;}#et-braket-block-5 .braket-button {color:#212121 !important;}#et-braket-block-5 .braket-button:hover {color:#ffffff !important;}#et-braket-block-5 .braket-button:before {box-shadow:inset 0 0 0 1px #212121;}#et-braket-block-5 .braket-button:after {background-color:#fd8c40;}#et-braket-block-5 .braket > div:first-child,\r\n\t\t\t\t\t\t#et-braket-block-5 .braket > div:last-child,\r\n\t\t\t\t\t\t#et-braket-block-5 .braket > div:nth-child(2) > span  {background-color:#fd8c40;}<\/style><div id=\"et-braket-block-5\" data-delay=\"0\" class=\"et-braket-block left \"><div class=\"braket-block-inner et-clearfix\"><div class=\"braket\"><div><\/div><div><span><\/span><\/div><div><\/div><\/div><div class=\"braket-block-content\"><p class=\"braket-sub-title\">CONTR\u00d4LE DE POUSSI\u00c8RES ET D&#039;ODEURS<\/p><h2 class=\"braket-title\" data-mobile-font=\"24px\" data-tablet-font=\"inherit\">DB-M<\/h2><\/div><\/div><div class=\"braket-block-content text et-clearfix\"><\/div><\/div><\/div><div class=\"gap et-clearfix \" style=\"height:32px\"><\/div>[vc_column_text css=&#8221;.vc_custom_1537091733150{margin-bottom: 0px !important;}&#8221;]<\/p>\n<p style=\"font-size: 18px; line-height: 32px;\"><strong>Cr\u00e9\u00e9 pour les petites surfaces \u00e0 traiter<\/strong><\/p>\n<p>L\u00e0 o\u00f9 les ventilateurs sont trop puissants, le\u00a0<strong>DB-M<\/strong>\u00a0offre des capacit\u00e9s de lutte contre la poussi\u00e8re tr\u00e8s efficaces et tr\u00e8s \u00e9conomiques. La t\u00eate de cette perche est mont\u00e9e sur un bras de diff\u00e9rentes hauteurs. Le\u00a0<strong>DB-M<\/strong>\u00a0peut \u00eatre muni d\u2019une pompe de surpression et peut \u00eatre personnalis\u00e9 en fonction de vos besoins.[\/vc_column_text][\/vc_column][\/vc_row][vc_row full_width=&#8221;stretch_row_content&#8221; gap=&#8221;0&#8243; css=&#8221;.vc_custom_1530608429182{background: #f5f5f5 url(https:\/\/enovathemes.com\/globax\/wp-content\/uploads\/globus_image_extra_smal.jpg?id=11490) !important;background-position: center !important;background-repeat: no-repeat !important;background-size: cover !important;}&#8221;][vc_column animation_delay=&#8221;0&#8243; css=&#8221;.vc_custom_1530608688047{padding-top: 0px !important;}&#8221;]<div class=\"et-tagline-wrapper\"><style>#et-tagline-1 {background-color:rgba(255,255,255,0.01);}#et-tagline-1 .tagline-title{color:#212121;}#et-tagline-1 .tagline-button{color:#ffffff;background-color:#fd8c40;}#et-tagline-1 .tagline-button:hover{background-color:#212121;color:#ffffff;}#et-tagline-1 .tagline-icon{color:#aaaaaa;}<\/style><div id=\"et-tagline-1\" class=\"et-tagline\"><div class=\"tagline-container\"><span class=\"tagline-icon et-icon globax icon-gx-call-center-worker-with-headset\"><\/span><h3 class=\"tagline-title\">&lt;\/p&gt;\n&lt;h4&gt;BESOIN DE RENSEIGNEMENTS SUR NOS PRODUITS OU SERVICES?&lt;\/h4&gt;\n&lt;h4&gt;<\/h3><div class=\"tagline-button-wrapper\"><a href=\"http:\/\/snoinnovation.com\/en\/nous-joindre\/\" class=\"tagline-button et-button large\">Nous Joindre<\/a><\/div><\/div><\/div><\/div>[\/vc_column][\/vc_row]<\/h4>\n","protected":false},"excerpt":{"rendered":"<p>Leverage agile frameworks to provide a robust synopsis for high level overviews. Iterative approaches to corporate strategy foster collaborative thinking to further the overall value proposition. Organically grow the holistic world view of disruptive innovation via workplace diversity and empowerment.<\/p>\n","protected":false},"author":1,"featured_media":0,"parent":0,"menu_order":0,"comment_status":"closed","ping_status":"closed","template":"page-vc.php","meta":[],"_links":{"self":[{"href":"https:\/\/snoinnovation.com\/en\/wp-json\/wp\/v2\/pages\/14091"}],"collection":[{"href":"https:\/\/snoinnovation.com\/en\/wp-json\/wp\/v2\/pages"}],"about":[{"href":"https:\/\/snoinnovation.com\/en\/wp-json\/wp\/v2\/types\/page"}],"author":[{"embeddable":true,"href":"https:\/\/snoinnovation.com\/en\/wp-json\/wp\/v2\/users\/1"}],"replies":[{"embeddable":true,"href":"https:\/\/snoinnovation.com\/en\/wp-json\/wp\/v2\/comments?post=14091"}],"version-history":[{"count":20,"href":"https:\/\/snoinnovation.com\/en\/wp-json\/wp\/v2\/pages\/14091\/revisions"}],"predecessor-version":[{"id":14601,"href":"https:\/\/snoinnovation.com\/en\/wp-json\/wp\/v2\/pages\/14091\/revisions\/14601"}],"wp:attachment":[{"href":"https:\/\/snoinnovation.com\/en\/wp-json\/wp\/v2\/media?parent=14091"}],"curies":[{"name":"wp","href":"https:\/\/api.w.org\/{rel}","templated":true}]}}